{"id":11972,"date":"2017-06-22T15:58:11","date_gmt":"2017-06-22T14:58:11","guid":{"rendered":"http:\/\/sabi-bois.fr\/fr\/?page_id=11972"},"modified":"2022-05-13T16:41:54","modified_gmt":"2022-05-13T15:41:54","slug":"mentions-legales","status":"publish","type":"page","link":"https:\/\/sabi-bois.fr\/fr\/mentions-legales\/","title":{"rendered":"Mentions l\u00e9gales"},"content":{"rendered":"<div class=\"fusion-fullwidth fullwidth-box fusion-builder-row-1 hundred-percent-fullwidth non-hundred-percent-height-scrolling\" style=\"background-color: #ffffff;background-position: center center;background-repeat: no-repeat;padding-top:0px;padding-right:0px;padding-bottom:0px;padding-left:0px;margin-bottom: 0px;margin-top: 0px;border-width: 0px 0px 0px 0px;border-color:#eae9e9;border-style:solid;\" ><div class=\"fusion-builder-row fusion-row\"><div class=\"fusion-layout-column fusion_builder_column fusion-builder-column-0 fusion_builder_column_1_1 1_1 fusion-one-full fusion-column-first fusion-column-last\" style=\"margin-top:0px;margin-bottom:20px;\"><div class=\"fusion-column-wrapper fusion-flex-column-wrapper-legacy\" style=\"background-position:left top;background-repeat:no-repeat;-webkit-background-size:cover;-moz-background-size:cover;-o-background-size:cover;background-size:cover;padding: 0px 0px 0px 0px;\"><div class=\"fusion-text fusion-text-1\"><h3><strong>SABI &#8211; Soci\u00e9t\u00e9 Atlantique des Bois Import\u00e9s<\/strong><br \/>\n192 boulevard Emile DELMAS<br \/>\n<strong>17000 La Rochelle<\/strong><br \/>\n<strong>T\u00e9l : 05 46 42 56 66<\/strong><\/h3>\n<p><strong>Directeur de publication<\/strong><br \/>\nS\u00e9bastien Guiraud<\/p>\n<p><strong>Conception technique, r\u00e9daction, r\u00e9alisation et h\u00e9bergement :<\/strong><br \/>\nCassandre Communication<\/p>\n<p><strong>Droit de modification<\/strong><br \/>\nL&rsquo;internaute reconna\u00eet que l&rsquo;utilisation du site <a href=\"http:\/\/sabi-bois.fr\/\">http:\/\/sabi-bois.fr\/<\/a> est r\u00e9gie par le droit fran\u00e7ais.<br \/>\nLe contenu du site est mis \u00e0 disposition pour un usage priv\u00e9 et non exclusif. Ce droit d&rsquo;utilisation comprend le droit de stockage sur \u00e9cran monoposte et le droit de reproduction aux conditions ci-apr\u00e8s d\u00e9finies. Il interdit la r\u00e9cup\u00e9ration des bases de donn\u00e9es.<\/p>\n<p><strong>Copies ou reproductions<\/strong><br \/>\nToute reproduction, int\u00e9grale ou partielle, des textes publi\u00e9s dans le site n&rsquo;est pas soumise \u00e0 une autorisation pr\u00e9alable mais doit toutefois obligatoirement comporter la mention suivante : <a href=\"http:\/\/sabi-bois.fr\/\">http:\/\/sabi-bois.fr\/<\/a><br \/>\nSont en revanche soumis \u00e0 une autorisation pr\u00e9alable les textes portant la mention Usage r\u00e9serv\u00e9. La demande d&rsquo;autorisation doit \u00eatre adress\u00e9e au Directeur de publication qui assortira son autorisation, partielle ou int\u00e9grale, d&rsquo;une mention sp\u00e9cifique qui devra \u00eatre imp\u00e9rativement indiqu\u00e9e.<br \/>\nLes photographies, images fixes ou anim\u00e9es, ne peuvent \u00eatre reproduites sans autorisation pr\u00e9alable et d\u00e8s lors qu&rsquo;un droit de copie serait accord\u00e9, la mention du copyright indiqu\u00e9e au demandeur par l&rsquo;administrateur du site devrait imp\u00e9rativement figurer sur le support utilis\u00e9 \u00e0 cette fin.<br \/>\nLes logos, visuels et marques pr\u00e9sents sur ce site sont la propri\u00e9t\u00e9 de\u00a0<a href=\"http:\/\/sabi-bois.fr\/\">http:\/\/sabi-bois.fr\/<\/a> ou de structures partenaires.<\/p>\n<p><strong>Responsabilit\u00e9 de l&rsquo;\u00e9diteur<\/strong><br \/>\nCe site fournit des liens vers des sites ext\u00e9rieurs \u00e0 titre de commodit\u00e9. Il peut aussi, \u00e0 son insu, avoir \u00e9t\u00e9 reli\u00e9 \u00e0 d&rsquo;autres sites par le biais de liens hypermedia. <a href=\"http:\/\/sabi-bois.fr\/\">http:\/\/sabi-bois.fr\/<\/a>, d\u00e9cline toute responsabilit\u00e9 pour les informations pr\u00e9sent\u00e9es sur ces autres sites.<\/p>\n<p><strong>Collecte de donn\u00e9es personnelles par formulaire<br \/>\n<\/strong>Conform\u00e9ment \u00e0 l\u2019article 32 de la loi \u00ab Informatique et Libert\u00e9s \u00bb n\u00b078-17 du 6 janvier 1978, modifi\u00e9e par la loi n\u00b02004-801 du 6 ao\u00fbt 2004, les informations recueillies via ce formulaire de contact font l\u2019objet d\u2019un traitement informatique destin\u00e9 uniquement \u00e0 ce que le responsable du traitement puisse r\u00e9pondre aux utilisateurs et ne seront jamais utilis\u00e9es \u00e0 des fins non pr\u00e9vues ni transmises \u00e0 des partenaires.<br \/>\nEn outre, les donn\u00e9es collect\u00e9es ne sont pas conserv\u00e9es plus d\u2019un an.<br \/>\n\u00c9galement, aucune information personnelle autre que celles demand\u00e9es dans ce cadre n\u2019est collect\u00e9e \u00e0 l\u2019insu des utilisateurs.<br \/>\nEnfin, conform\u00e9ment aux articles 39 et 40 de la loi sus-cit\u00e9e, l\u2019utilisateur de ce site b\u00e9n\u00e9ficie des droits d\u2019interrogation, d\u2019acc\u00e8s, de rectification et de suppression portant sur les donn\u00e9es le concernant en adressant un courrier \u00e0 : SABI &#8211; Soci\u00e9t\u00e9 Atlantique des Bois Import\u00e9s &#8211; 192 boulevard Emile DELMAS &#8211; 17000 La Rochelle<\/p>\n<p><strong>Utilisation des cookies<\/strong><br \/>\nEn utilisant les services de\u00a0 sabi-bois.fr, vous acceptez de recevoir des cookies.<br \/>\nUn cookie est une suite d\u2019informations envoy\u00e9e par un site Internet \u00e0 un ordinateur sous la forme d\u2019un petit fichier de donn\u00e9es. Les cookies sont utiles pour faciliter la personnalisation de votre acc\u00e8s \u00e0 nos services en ligne. Ils peuvent \u00eatre utilis\u00e9s pour une authentification, une session, stocker une information sp\u00e9cifique comme les pr\u00e9f\u00e9rences sur un site ou le contenu d\u2019un panier d\u2019achat \u00e9lectronique. Le stockage des cookies se fait par le biais du navigateur Web utilis\u00e9 par l\u2019internaute (par exemple Internet Explorer).<br \/>\nIl existe deux types de cookies :<br \/>\n\u2022 les cookies de session sont supprim\u00e9s de votre ordinateur lorsque vous fermez votre navigateur.<br \/>\n\u2022 les cookies permanents restent stock\u00e9s sur votre ordinateur apr\u00e8s la fermeture du navigateur.<br \/>\nLes cookies sont cependant anonymes et ne sont en aucun cas utilis\u00e9s pour collecter des informations personnelles.<\/p>\n<p><strong>Refus des cookies<\/strong><br \/>\nVous \u00eates libre d\u2019accepter ou de refuser les cookies en configurant votre navigateur (d\u00e9sactivation de tout ou partie des cookies \u2013 voir manuel de votre navigateur Web ou fonction d\u2019aide).<br \/>\nLa d\u00e9sactivation des cookies peut entra\u00eener l\u2019indisponibilit\u00e9 de certains services auxquels ils sont associ\u00e9s. Elle n\u2019emp\u00eache pas l\u2019acc\u00e8s aux espaces non-r\u00e9serv\u00e9s du site.<br \/>\nPar ailleurs, nous gardons trace des connexions \u00e0 nos sites, et notamment de leur origine. Cette utilisation est faite \u00e0 des fins d\u2019analyses statistiques. Les donn\u00e9es correspondantes ne comportent pas de donn\u00e9es personnelles, et sont d\u00e9truites apr\u00e8s usage.<\/p>\n<\/div><div class=\"fusion-clearfix\"><\/div><\/div><\/div><\/div><style type=\"text\/css\">.fusion-fullwidth.fusion-builder-row-1 { overflow:visible; }<\/style><\/div>\n","protected":false},"excerpt":{"rendered":"","protected":false},"author":1,"featured_media":0,"parent":0,"menu_order":0,"comment_status":"closed","ping_status":"closed","template":"","meta":[],"_links":{"self":[{"href":"https:\/\/sabi-bois.fr\/fr\/wp-json\/wp\/v2\/pages\/11972"}],"collection":[{"href":"https:\/\/sabi-bois.fr\/fr\/wp-json\/wp\/v2\/pages"}],"about":[{"href":"https:\/\/sabi-bois.fr\/fr\/wp-json\/wp\/v2\/types\/page"}],"author":[{"embeddable":true,"href":"https:\/\/sabi-bois.fr\/fr\/wp-json\/wp\/v2\/users\/1"}],"replies":[{"embeddable":true,"href":"https:\/\/sabi-bois.fr\/fr\/wp-json\/wp\/v2\/comments?post=11972"}],"version-history":[{"count":6,"href":"https:\/\/sabi-bois.fr\/fr\/wp-json\/wp\/v2\/pages\/11972\/revisions"}],"predecessor-version":[{"id":12021,"href":"https:\/\/sabi-bois.fr\/fr\/wp-json\/wp\/v2\/pages\/11972\/revisions\/12021"}],"wp:attachment":[{"href":"https:\/\/sabi-bois.fr\/fr\/wp-json\/wp\/v2\/media?parent=11972"}],"curies":[{"name":"wp","href":"https:\/\/api.w.org\/{rel}","templated":true}]}}