{"id":11901,"date":"2016-05-30T09:28:21","date_gmt":"2016-05-30T08:28:21","guid":{"rendered":"http:\/\/sabi-bois.fr\/fr\/?page_id=11901"},"modified":"2023-12-19T20:12:40","modified_gmt":"2023-12-19T19:12:40","slug":"produits","status":"publish","type":"page","link":"https:\/\/sabi-bois.fr\/fr\/produits\/","title":{"rendered":"Produits"},"content":{"rendered":"<div class=\"fusion-fullwidth fullwidth-box fusion-builder-row-1 nonhundred-percent-fullwidth non-hundred-percent-height-scrolling\" style=\"background-color: #ffffff;background-position: left top;background-repeat: no-repeat;padding-top:0px;padding-right:0px;padding-bottom:0px;padding-left:0px;margin-bottom: 0px;margin-top: 0px;border-width: 0px 0px 0px 0px;border-color:#eae9e9;border-style:solid;\" ><div class=\"fusion-builder-row fusion-row\"><div class=\"fusion-layout-column fusion_builder_column fusion-builder-column-0 fusion_builder_column_1_1 1_1 fusion-one-full fusion-column-first fusion-column-last fusion-column-no-min-height\" style=\"margin-top:0px;margin-bottom:0px;\"><div class=\"fusion-column-wrapper fusion-flex-column-wrapper-legacy\" style=\"background-position:left top;background-repeat:no-repeat;-webkit-background-size:cover;-moz-background-size:cover;-o-background-size:cover;background-size:cover;padding: 0px 0px 0px 0px;\"><div class=\"fusion-text fusion-text-1\"><h1>Produits<\/h1>\n<\/div><div class=\"fusion-text fusion-text-2\"><h3>Pour garantir la meilleure qualit\u00e9 et pr\u00e9server nos ressources communes, SABI s\u00e9lectionne des bois provenant de for\u00eats g\u00e9r\u00e9es durablement. Le bois est un mat\u00e9riau recyclable.<\/h3>\n<\/div><div class=\"fusion-clearfix\"><\/div><\/div><\/div><div class=\"fusion-layout-column fusion_builder_column fusion-builder-column-1 fusion_builder_column_1_1 1_1 fusion-one-full fusion-column-first fusion-column-last\" style=\"margin-top:0px;margin-bottom:20px;\"><div class=\"fusion-column-wrapper fusion-flex-column-wrapper-legacy\" style=\"background-position:left top;background-repeat:no-repeat;-webkit-background-size:cover;-moz-background-size:cover;-o-background-size:cover;background-size:cover;padding: 0px 0px 0px 0px;\"><div class=\"fusion-tabs fusion-tabs-1 classic vertical-tabs icon-position-left\"><style type=\"text\/css\">.fusion-tabs.fusion-tabs-1 .nav-tabs li a.tab-link{border-top-color:#f1f2f2;background-color:#f1f2f2;}.fusion-tabs.fusion-tabs-1 .nav-tabs{background-color:#ffffff;}.fusion-tabs.fusion-tabs-1 .nav-tabs li.active a.tab-link,.fusion-tabs.fusion-tabs-1 .nav-tabs li.active a.tab-link:hover,.fusion-tabs.fusion-tabs-1 .nav-tabs li.active a.tab-link:focus{border-right-color:#ffffff;}.fusion-tabs.fusion-tabs-1 .nav-tabs li.active a.tab-link,.fusion-tabs.fusion-tabs-1 .nav-tabs li.active a.tab-link:hover,.fusion-tabs.fusion-tabs-1 .nav-tabs li.active a.tab-link:focus{background-color:#ffffff;}.fusion-tabs.fusion-tabs-1 .nav-tabs li a:hover{background-color:#ffffff;border-top-color:#ffffff;}.fusion-tabs.fusion-tabs-1 .tab-pane{background-color:#ffffff;}.fusion-tabs.fusion-tabs-1 .nav,.fusion-tabs.fusion-tabs-1 .nav-tabs,.fusion-tabs.fusion-tabs-1 .tab-content .tab-pane{border-color:#ebeaea;}<\/style><div class=\"nav\"><ul class=\"nav-tabs\" role=\"tablist\"><li class=\"active\" role=\"presentation\"><a class=\"tab-link\" data-toggle=\"tab\" role=\"tab\" aria-controls=\"tab-f966e3bd360ccb8c4c6\" aria-selected=\"true\" id=\"fusion-tab-am\u00c9riquedunord\" href=\"#tab-f966e3bd360ccb8c4c6\"><h4 class=\"fusion-tab-heading\"><i class=\"fontawesome-icon fa fa-play-circle-o\" aria-hidden=\"true\" style=\"font-size:16px;\"><\/i>AM\u00c9RIQUE DU NORD<\/h4><\/a><\/li><li role=\"presentation\"><a class=\"tab-link\" data-toggle=\"tab\" role=\"tab\" aria-controls=\"tab-301530149699397c2b7\" aria-selected=\"false\" tabindex=\"-1\" id=\"fusion-tab-am\u00c9riquedusud\" href=\"#tab-301530149699397c2b7\"><h4 class=\"fusion-tab-heading\"><i class=\"fontawesome-icon fa fa-play-circle-o\" aria-hidden=\"true\" style=\"font-size:16px;\"><\/i>AM\u00c9RIQUE DU SUD<\/h4><\/a><\/li><li role=\"presentation\"><a class=\"tab-link\" data-toggle=\"tab\" role=\"tab\" aria-controls=\"tab-064d76f585f642eea7f\" aria-selected=\"false\" tabindex=\"-1\" id=\"fusion-tab-afrique\" href=\"#tab-064d76f585f642eea7f\"><h4 class=\"fusion-tab-heading\"><i class=\"fontawesome-icon fa fa-play-circle-o\" aria-hidden=\"true\" style=\"font-size:16px;\"><\/i>AFRIQUE<\/h4><\/a><\/li><\/ul><\/div><div class=\"tab-content\"><div class=\"nav fusion-mobile-tab-nav\"><ul class=\"nav-tabs\" role=\"tablist\"><li class=\"active\" role=\"presentation\"><a class=\"tab-link\" data-toggle=\"tab\" role=\"tab\" aria-controls=\"tab-f966e3bd360ccb8c4c6\" aria-selected=\"true\" id=\"mobile-fusion-tab-am\u00c9riquedunord\" href=\"#tab-f966e3bd360ccb8c4c6\"><h4 class=\"fusion-tab-heading\"><i class=\"fontawesome-icon fa fa-play-circle-o\" aria-hidden=\"true\" style=\"font-size:16px;\"><\/i>AM\u00c9RIQUE DU NORD<\/h4><\/a><\/li><\/ul><\/div><div class=\"tab-pane fade fusion-clearfix in active\" role=\"tabpanel\" tabindex=\"0\" aria-labelledby=\"fusion-tab-am\u00c9riquedunord\" id=\"tab-f966e3bd360ccb8c4c6\">\n<ul>\n<li style=\"text-align: left;\"><strong>Les essences canadiennes, connues pour leurs hautes-performances<br \/>\n<\/strong>Red Cedar<br \/>\nYellow Cedar<br \/>\nPin d\u2019Oregon<br \/>\nHemlock<br \/>\nSitka Spruce<br \/>\nBois de mature<\/li>\n<li style=\"text-align: left;\"><strong>Les bois provenant des for\u00eats du Sud-Est des Etats-Unis, adapt\u00e9s aux besoins des industriels et des n\u00e9gociants<br \/>\n<\/strong>Yellow Pine<br \/>\nCh\u00eane Blanc<br \/>\nFr\u00eane Blanc<\/li>\n<\/ul>\n<\/div><div class=\"nav fusion-mobile-tab-nav\"><ul class=\"nav-tabs\" role=\"tablist\"><li role=\"presentation\"><a class=\"tab-link\" data-toggle=\"tab\" role=\"tab\" aria-controls=\"tab-301530149699397c2b7\" aria-selected=\"false\" tabindex=\"-1\" id=\"mobile-fusion-tab-am\u00c9riquedusud\" href=\"#tab-301530149699397c2b7\"><h4 class=\"fusion-tab-heading\"><i class=\"fontawesome-icon fa fa-play-circle-o\" aria-hidden=\"true\" style=\"font-size:16px;\"><\/i>AM\u00c9RIQUE DU SUD<\/h4><\/a><\/li><\/ul><\/div><div class=\"tab-pane fade fusion-clearfix\" role=\"tabpanel\" tabindex=\"0\" aria-labelledby=\"fusion-tab-am\u00c9riquedusud\" id=\"tab-301530149699397c2b7\">Cumaru<br \/>\nGarapa<br \/>\nIp\u00e9<br \/>\nItauba<br \/>\nMassaranduba<br \/>\nMuiracatiara<br \/>\nTatajuba<\/div><div class=\"nav fusion-mobile-tab-nav\"><ul class=\"nav-tabs\" role=\"tablist\"><li role=\"presentation\"><a class=\"tab-link\" data-toggle=\"tab\" role=\"tab\" aria-controls=\"tab-064d76f585f642eea7f\" aria-selected=\"false\" tabindex=\"-1\" id=\"mobile-fusion-tab-afrique\" href=\"#tab-064d76f585f642eea7f\"><h4 class=\"fusion-tab-heading\"><i class=\"fontawesome-icon fa fa-play-circle-o\" aria-hidden=\"true\" style=\"font-size:16px;\"><\/i>AFRIQUE<\/h4><\/a><\/li><\/ul><\/div><div class=\"tab-pane fade fusion-clearfix\" role=\"tabpanel\" tabindex=\"0\" aria-labelledby=\"fusion-tab-afrique\" id=\"tab-064d76f585f642eea7f\">Badi<br \/>\nBoss\u00e9<br \/>\nIroko<br \/>\nMoabi<br \/>\nMukulungu<br \/>\nNiangon<br \/>\nNiov\u00e9<br \/>\nPadouk<br \/>\nSapelli<br \/>\nSipo<\/div><\/div><\/div><div class=\"fusion-clearfix\"><\/div><\/div><\/div><\/div><\/div>\n","protected":false},"excerpt":{"rendered":"","protected":false},"author":1,"featured_media":0,"parent":0,"menu_order":0,"comment_status":"closed","ping_status":"closed","template":"","meta":[],"_links":{"self":[{"href":"https:\/\/sabi-bois.fr\/fr\/wp-json\/wp\/v2\/pages\/11901"}],"collection":[{"href":"https:\/\/sabi-bois.fr\/fr\/wp-json\/wp\/v2\/pages"}],"about":[{"href":"https:\/\/sabi-bois.fr\/fr\/wp-json\/wp\/v2\/types\/page"}],"author":[{"embeddable":true,"href":"https:\/\/sabi-bois.fr\/fr\/wp-json\/wp\/v2\/users\/1"}],"replies":[{"embeddable":true,"href":"https:\/\/sabi-bois.fr\/fr\/wp-json\/wp\/v2\/comments?post=11901"}],"version-history":[{"count":14,"href":"https:\/\/sabi-bois.fr\/fr\/wp-json\/wp\/v2\/pages\/11901\/revisions"}],"predecessor-version":[{"id":12034,"href":"https:\/\/sabi-bois.fr\/fr\/wp-json\/wp\/v2\/pages\/11901\/revisions\/12034"}],"wp:attachment":[{"href":"https:\/\/sabi-bois.fr\/fr\/wp-json\/wp\/v2\/media?parent=11901"}],"curies":[{"name":"wp","href":"https:\/\/api.w.org\/{rel}","templated":true}]}}